{"id":2,"date":"2015-02-22T16:16:52","date_gmt":"2015-02-22T16:16:52","guid":{"rendered":"http:\/\/ohdm.fr\/?page_id=2"},"modified":"2022-03-20T23:39:15","modified_gmt":"2022-03-20T22:39:15","slug":"page-d-exemple","status":"publish","type":"page","link":"https:\/\/ohdm.fr\/?page_id=2","title":{"rendered":"PRESENTATION"},"content":{"rendered":"<p>Fond\u00e9e en 1906, l&rsquo;Union Musicale de Marmande est une association qui promeut la musique vivante sous diff\u00e9rentes formes depuis plus d&rsquo;un si\u00e8cle.<br \/>\nApr\u00e8s ses d\u00e9buts en fanfare, ses animations sous la forme d\u2019orchestre de bal, de big band, ou m\u00eame d&rsquo;orchestre bavarois, elle est essentiellement repr\u00e9sent\u00e9e par son orchestre d&rsquo;harmonie, sous l\u2019\u0153il attentif de son pr\u00e9sident, Jean MICHELENA.<\/p>\n<p>Actuellement, l&rsquo;Orchestre d&rsquo;Harmonie De Marmande est compos\u00e9 d&rsquo;environ 50 musiciens, qui se retrouvent sous la baguette de Vincent ODIOT, directeur musical, pour partager une passion commune.<br \/>\nC&rsquo;est ainsi que fl\u00fbtistes, clarinettistes, batteurs et musiciens, de tout \u00e2ge, amateur ou professionnel, se donnent le la pour faire vibrer leurs instruments sur diff\u00e9rents styles de musique.<\/p>\n<p><a href=\"http:\/\/ohdm.fr\/wp-content\/uploads\/2015\/02\/1886173_625_9141341_800x4001.jpg\"><img decoding=\"async\" loading=\"lazy\" class=\"wp-image-143 size-full aligncenter\" src=\"http:\/\/ohdm.fr\/wp-content\/uploads\/2015\/02\/1886173_625_9141341_800x4001.jpg\" alt=\"1886173_625_9141341_800x400\" width=\"800\" height=\"400\" srcset=\"https:\/\/ohdm.fr\/wp-content\/uploads\/2015\/02\/1886173_625_9141341_800x4001.jpg 800w, https:\/\/ohdm.fr\/wp-content\/uploads\/2015\/02\/1886173_625_9141341_800x4001-300x150.jpg 300w\" sizes=\"(max-width: 800px) 100vw, 800px\" \/><\/a><\/p>\n<p>Cette troupe interg\u00e9n\u00e9rationnelle propose des interpr\u00e9tations d\u2019\u0153uvres classiques, \u00e0 l&rsquo;occasion des Sainte-C\u00e9cile \u00e0 Marmande et des Saint-Vincent \u00e0 Virazeil, ainsi que des concerts et des spectacles autour de tout style musical.<br \/>\nCes derni\u00e8res ann\u00e9es le public a pu :<\/p>\n<ul>\n<li>Rendre hommage \u00e0 Mickael Jackson, avec un spectacle o\u00f9 chanteurs et danseurs groovaient sur les interpr\u00e9tations de l&rsquo;orchestre.<\/li>\n<li>Voyager lors de l\u2019interpr\u00e9tation des plus grandes \u0153uvres de Mozart \u00e0 la sauce orientale, le tout sur les sonorit\u00e9s des instruments traditionnels.<\/li>\n<li>Se laisser transporter en Europe occidentale, sur des contes berc\u00e9s par des musiques celtiques.<\/li>\n<li>S&rsquo;immerger dans le berceau du jazz, via une visite au Cotton Club.<\/li>\n<li>Parcourir l&rsquo;\u00e9volution de la musique au travers des Myst\u00e8res de l&rsquo;Art.<\/li>\n<li>Se replonger dans les ann\u00e9es 70&rsquo;s avec un spectacle bas\u00e9 sur les plus grands th\u00e8mes de la Motown.<\/li>\n<li>Rendre hommage aux poilus de la premi\u00e8re guerre mondiale \u00e0 travers le concert \u00ab Un amour tranch\u00e9 \u00bb.<\/li>\n<\/ul>\n","protected":false},"excerpt":{"rendered":"<p>Fond\u00e9e en 1906, l&rsquo;Union Musicale de Marmande est une association qui promeut la musique vivante sous diff\u00e9rentes formes depuis plus d&rsquo;un si\u00e8cle. Apr\u00e8s ses d\u00e9buts en fanfare, ses animations sous la forme d\u2019orchestre de bal, de big band, ou m\u00eame d&rsquo;orchestre bavarois, elle est essentiellement repr\u00e9sent\u00e9e par son orchestre d&rsquo;harmonie, sous l\u2019\u0153il attentif de son [&hellip;]<\/p>\n","protected":false},"author":1,"featured_media":0,"parent":0,"menu_order":0,"comment_status":"closed","ping_status":"open","template":"template-page-full-width.php","meta":{"footnotes":""},"_links":{"self":[{"href":"https:\/\/ohdm.fr\/index.php?rest_route=\/wp\/v2\/pages\/2"}],"collection":[{"href":"https:\/\/ohdm.fr\/index.php?rest_route=\/wp\/v2\/pages"}],"about":[{"href":"https:\/\/ohdm.fr\/index.php?rest_route=\/wp\/v2\/types\/page"}],"author":[{"embeddable":true,"href":"https:\/\/ohdm.fr\/index.php?rest_route=\/wp\/v2\/users\/1"}],"replies":[{"embeddable":true,"href":"https:\/\/ohdm.fr\/index.php?rest_route=%2Fwp%2Fv2%2Fcomments&post=2"}],"version-history":[{"count":12,"href":"https:\/\/ohdm.fr\/index.php?rest_route=\/wp\/v2\/pages\/2\/revisions"}],"predecessor-version":[{"id":257,"href":"https:\/\/ohdm.fr\/index.php?rest_route=\/wp\/v2\/pages\/2\/revisions\/257"}],"wp:attachment":[{"href":"https:\/\/ohdm.fr\/index.php?rest_route=%2Fwp%2Fv2%2Fmedia&parent=2"}],"curies":[{"name":"wp","href":"https:\/\/api.w.org\/{rel}","templated":true}]}}